{"id":31,"date":"2020-07-03T20:04:59","date_gmt":"2020-07-03T15:04:59","guid":{"rendered":"https:\/\/ehrebelting.de\/?page_id=31"},"modified":"2024-09-11T21:12:17","modified_gmt":"2024-09-11T19:12:17","slug":"industrial-vee-belt","status":"publish","type":"page","link":"https:\/\/ehrebelting.de\/de\/products\/industrial-vee-belt\/","title":{"rendered":"Industrieller Vee-G\u00fcrtel"},"content":{"rendered":"<div data-elementor-type=\"wp-page\" data-elementor-id=\"31\" class=\"elementor elementor-31\" data-elementor-post-type=\"page\">\n\t\t\t\t<div class=\"elementor-element elementor-element-3c6a0430 e-flex e-con-boxed e-con e-parent\" data-id=\"3c6a0430\" data-element_type=\"container\">\n\t\t\t\t\t<div class=\"e-con-inner\">\n\t\t\t\t<div class=\"elementor-element elementor-element-2f7692de elementor-widget elementor-widget-heading\" data-id=\"2f7692de\" data-element_type=\"widget\" data-widget_type=\"heading.default\">\n\t\t\t\t<div class=\"elementor-widget-container\">\n\t\t\t<h2 class=\"elementor-heading-title elementor-size-default\">Industrieller Vee-G\u00fcrtel\n<\/h2>\t\t<\/div>\n\t\t\t\t<\/div>\n\t\t\t\t\t<\/div>\n\t\t\t\t<\/div>\n\t\t<div class=\"elementor-element elementor-element-4fd481cd e-flex e-con-boxed e-con e-parent\" data-id=\"4fd481cd\" data-element_type=\"container\">\n\t\t\t\t\t<div class=\"e-con-inner\">\n\t\t<div class=\"elementor-element elementor-element-2dcef646 e-con-full e-flex e-con e-child\" data-id=\"2dcef646\" data-element_type=\"container\">\n\t\t\t\t<div class=\"elementor-element elementor-element-6293614a elementor-widget elementor-widget-image\" data-id=\"6293614a\" data-element_type=\"widget\" data-widget_type=\"image.default\">\n\t\t\t\t<div class=\"elementor-widget-container\">\n\t\t\t\t\t\t\t\t\t\t\t\t\t<img fetchpriority=\"high\" decoding=\"async\" width=\"265\" height=\"320\" src=\"https:\/\/ehrebelting.de\/wp-content\/uploads\/2020\/08\/VeeBelts1.jpg\" class=\"attachment-large size-large wp-image-193\" alt=\"\" srcset=\"https:\/\/ehrebelting.de\/wp-content\/uploads\/2020\/08\/VeeBelts1.jpg 265w, https:\/\/ehrebelting.de\/wp-content\/uploads\/2020\/08\/VeeBelts1-248x300.jpg 248w\" sizes=\"(max-width: 265px) 100vw, 265px\" \/>\t\t\t\t\t\t\t\t\t\t\t\t\t<\/div>\n\t\t\t\t<\/div>\n\t\t\t\t<\/div>\n\t\t<div class=\"elementor-element elementor-element-314c2a4d e-con-full e-flex e-con e-child\" data-id=\"314c2a4d\" data-element_type=\"container\">\n\t\t\t\t<div class=\"elementor-element elementor-element-759f7b3e elementor-widget elementor-widget-heading\" data-id=\"759f7b3e\" data-element_type=\"widget\" data-widget_type=\"heading.default\">\n\t\t\t\t<div class=\"elementor-widget-container\">\n\t\t\t<h3 class=\"elementor-heading-title elementor-size-default\">KLASSISCHE UND SCHMALE KEILRIEMEN\n<\/h3>\t\t<\/div>\n\t\t\t\t<\/div>\n\t\t\t\t<div class=\"elementor-element elementor-element-1727afe6 elementor-widget elementor-widget-text-editor\" data-id=\"1727afe6\" data-element_type=\"widget\" data-widget_type=\"text-editor.default\">\n\t\t\t\t<div class=\"elementor-widget-container\">\n\t\t\t\t\t\t\t<p>sind eine ausgezeichnete L\u00f6sung f\u00fcr eine Vielzahl von Antrieben. Klassische Keilriemen sind in z,A, B, C und D erh\u00e4ltlich, w\u00e4hrend schmale Keilriemen in SPZ, SPA, SPB und SPC Abschnitt. In beiden F\u00e4llen werden die Gurte mit einem Textilbezug umwickelt. Es gew\u00e4hrleistet maximalen Schutz vor Hitze, \u00d6l und Ozon.<\/p>\t\t\t\t\t\t<\/div>\n\t\t\t\t<\/div>\n\t\t\t\t<div class=\"elementor-element elementor-element-2cb060cc elementor-widget elementor-widget-heading\" data-id=\"2cb060cc\" data-element_type=\"widget\" data-widget_type=\"heading.default\">\n\t\t\t\t<div class=\"elementor-widget-container\">\n\t\t\t<h3 class=\"elementor-heading-title elementor-size-default\">COGGED RAW EDGE V-G\u00dcRTEL\n<\/h3>\t\t<\/div>\n\t\t\t\t<\/div>\n\t\t\t\t<div class=\"elementor-element elementor-element-69b2aa5f elementor-widget elementor-widget-text-editor\" data-id=\"69b2aa5f\" data-element_type=\"widget\" data-widget_type=\"text-editor.default\">\n\t\t\t\t<div class=\"elementor-widget-container\">\n\t\t\t\t\t\t\t<div class=\"uk-grid-margin uk-grid\"><div class=\"uk-width-3-4@m\"><div class=\"uk-margin uk-text-left@m uk-text-center\"><p>Replace traditional V-belts in demanding drive systems where space and weight reduction is crucial. Superior design delivers maximum power and high speed &#8211; even in pulleys with very small diameter. They are available in AX, BX, CX, XPZ, XPA, XPB, XPC, 3VX and 5VX section.<\/p><p>Dank eines einzigartigen Produktionszyklus (nach UNISET-Technologie) sind wir in der Lage, eine begrenzte und konstante Toleranz dieser Riemen zu gew\u00e4hrleisten. Die genauen Abmessungen dieses Produktes passen perfekt in anwendungen des Industrie- und Agrarmarktes.<\/p><\/div><\/div><\/div>\t\t\t\t\t\t<\/div>\n\t\t\t\t<\/div>\n\t\t\t\t<div class=\"elementor-element elementor-element-f08b049 elementor-widget elementor-widget-heading\" data-id=\"f08b049\" data-element_type=\"widget\" data-widget_type=\"heading.default\">\n\t\t\t\t<div class=\"elementor-widget-container\">\n\t\t\t<h3 class=\"elementor-heading-title elementor-size-default\">EIGENSCHAFTEN:<\/h3>\t\t<\/div>\n\t\t\t\t<\/div>\n\t\t\t\t<div class=\"elementor-element elementor-element-ebf6fc2 elementor-widget elementor-widget-text-editor\" data-id=\"ebf6fc2\" data-element_type=\"widget\" data-widget_type=\"text-editor.default\">\n\t\t\t\t<div class=\"elementor-widget-container\">\n\t\t\t\t\t\t\t<div class=\"uk-grid-margin uk-grid\"><div class=\"uk-width-3-4@m\"><div class=\"uk-margin uk-text-left@m uk-text-center\"><ul><li>Low-stretch cords &#8211; extended lifetime &amp; great performance<\/li><li>Wrapping &#8211; maximum cover against heat, oil, ozone<\/li><li>UNISET technology &#8211; dimensional stability guarantee<\/li><li>Temperaturbereich: -20\u00b0C bei +70\u00b0C (-25\u00b0C bei + 80\u00b0C f\u00fcr Keilriemen)<\/li><\/ul><\/div><\/div><\/div>\t\t\t\t\t\t<\/div>\n\t\t\t\t<\/div>\n\t\t\t\t<\/div>\n\t\t\t\t\t<\/div>\n\t\t\t\t<\/div>\n\t\t<div class=\"elementor-element elementor-element-1b3c3825 e-flex e-con-boxed e-con e-parent\" data-id=\"1b3c3825\" data-element_type=\"container\">\n\t\t\t\t\t<div class=\"e-con-inner\">\n\t\t\t\t<div class=\"elementor-element elementor-element-2c1b54a1 elementor-widget elementor-widget-image\" data-id=\"2c1b54a1\" data-element_type=\"widget\" data-widget_type=\"image.default\">\n\t\t\t\t<div class=\"elementor-widget-container\">\n\t\t\t\t\t\t\t\t\t\t\t\t\t<img decoding=\"async\" width=\"800\" height=\"702\" src=\"https:\/\/ehrebelting.de\/wp-content\/uploads\/2020\/08\/VeeBelts2.jpg\" class=\"attachment-large size-large wp-image-200\" alt=\"\" srcset=\"https:\/\/ehrebelting.de\/wp-content\/uploads\/2020\/08\/VeeBelts2.jpg 1000w, https:\/\/ehrebelting.de\/wp-content\/uploads\/2020\/08\/VeeBelts2-300x263.jpg 300w, https:\/\/ehrebelting.de\/wp-content\/uploads\/2020\/08\/VeeBelts2-768x674.jpg 768w\" sizes=\"(max-width: 800px) 100vw, 800px\" \/>\t\t\t\t\t\t\t\t\t\t\t\t\t<\/div>\n\t\t\t\t<\/div>\n\t\t\t\t<div class=\"elementor-element elementor-element-58cc44d6 elementor-widget-divider--view-line_icon elementor-view-default elementor-widget-divider--element-align-center elementor-widget elementor-widget-divider\" data-id=\"58cc44d6\" data-element_type=\"widget\" data-widget_type=\"divider.default\">\n\t\t\t\t<div class=\"elementor-widget-container\">\n\t\t\t\t\t<div class=\"elementor-divider\">\n\t\t\t<span class=\"elementor-divider-separator\">\n\t\t\t\t\t\t\t<div class=\"elementor-icon elementor-divider__element\">\n\t\t\t\t\t<svg aria-hidden=\"true\" class=\"e-font-icon-svg e-far-circle\" viewbox=\"0 0 512 512\" xmlns=\"http:\/\/www.w3.org\/2000\/svg\"><path d=\"M256 8C119 8 8 119 8 256s111 248 248 248 248-111 248-248S393 8 256 8zm0 448c-110.5 0-200-89.5-200-200S145.5 56 256 56s200 89.5 200 200-89.5 200-200 200z\"><\/path><\/svg><\/div>\n\t\t\t\t\t\t<\/span>\n\t\t<\/div>\n\t\t\t\t<\/div>\n\t\t\t\t<\/div>\n\t\t\t\t\t<\/div>\n\t\t\t\t<\/div>\n\t\t\t\t<\/div>","protected":false},"excerpt":{"rendered":"<p>Industrial Vee Belt Classical and Narrow V-belts are an excellent solution for a wide range of drives. Classical V-belts are available in Z,A,B,C and D section, whereas Narrow V-belts in SPZ, SPA, SPB and SPC section. In both cases belts are wrapped with a textile cover. It assures maximum protection against heat, oil and ozone. [&hellip;]<\/p>","protected":false},"author":1,"featured_media":0,"parent":61,"menu_order":0,"comment_status":"closed","ping_status":"closed","template":"","meta":{"footnotes":""},"class_list":["post-31","page","type-page","status-publish","hentry"],"_links":{"self":[{"href":"https:\/\/ehrebelting.de\/de\/wp-json\/wp\/v2\/pages\/31","targetHints":{"allow":["GET"]}}],"collection":[{"href":"https:\/\/ehrebelting.de\/de\/wp-json\/wp\/v2\/pages"}],"about":[{"href":"https:\/\/ehrebelting.de\/de\/wp-json\/wp\/v2\/types\/page"}],"author":[{"embeddable":true,"href":"https:\/\/ehrebelting.de\/de\/wp-json\/wp\/v2\/users\/1"}],"replies":[{"embeddable":true,"href":"https:\/\/ehrebelting.de\/de\/wp-json\/wp\/v2\/comments?post=31"}],"version-history":[{"count":23,"href":"https:\/\/ehrebelting.de\/de\/wp-json\/wp\/v2\/pages\/31\/revisions"}],"predecessor-version":[{"id":567,"href":"https:\/\/ehrebelting.de\/de\/wp-json\/wp\/v2\/pages\/31\/revisions\/567"}],"up":[{"embeddable":true,"href":"https:\/\/ehrebelting.de\/de\/wp-json\/wp\/v2\/pages\/61"}],"wp:attachment":[{"href":"https:\/\/ehrebelting.de\/de\/wp-json\/wp\/v2\/media?parent=31"}],"curies":[{"name":"wp","href":"https:\/\/api.w.org\/{rel}","templated":true}]}}